{"id":22933,"date":"2025-04-28T13:30:42","date_gmt":"2025-04-28T19:30:42","guid":{"rendered":"https:\/\/ambientairshop.com.mx\/?post_type=product&#038;p=22933"},"modified":"2026-03-10T17:57:17","modified_gmt":"2026-03-10T23:57:17","slug":"vela-aromatica-pause-360-g-the-olphactory-doble-mecha-cera-vegetal-aroma-floral-fresco","status":"publish","type":"product","link":"https:\/\/ambientairshop.com.mx\/en\/product\/vela-aromatica-pause-360-g-the-olphactory-doble-mecha-cera-vegetal-aroma-floral-fresco\/","title":{"rendered":"The Olphactory Pause scented candle 360 g : Cashmere : paraffin-free vegetable wax"},"content":{"rendered":"<p data-start=\"519\" data-end=\"1070\">Haz una pausa, respira profundo y permite que <em data-start=\"565\" data-end=\"583\">Pause \u2013 Cashmere<\/em> transforme tu espacio en un remanso de serenidad. Esta fragancia floral-fresca comienza con notas suaves de hierba, lavanda y flores silvestres, evocando la libertad de un paseo entre campos en calma. En el coraz\u00f3n, las flores azules, el iris y la gardenia aportan un halo de elegancia y feminidad, como un jard\u00edn secreto que florece en silencio. El fondo de almizcle y \u00e1mbar a\u00f1ade una calidez envolvente, como una caricia suave que te reconecta contigo mismo y con el momento presente.<\/p>\n<p data-start=\"1072\" data-end=\"1421\">The candle of <strong data-start=\"1083\" data-end=\"1092\">360 g<\/strong>, elaborada con una <strong data-start=\"1112\" data-end=\"1159\">100% vegetable wax blend, kerosene free<\/strong>, est\u00e1 enriquecida con aceites esenciales que difunden el aroma de forma arm\u00f3nica y duradera. Su <strong data-start=\"1256\" data-end=\"1271\">double wick<\/strong> asegura un quemado uniforme, mientras que su <strong data-start=\"1317\" data-end=\"1374\">vaso de vidrio \u00e1mbar con tapa pl\u00e1stica negra de rosca<\/strong> combina elegancia, protecci\u00f3n y funcionalidad.<\/p>\n<p data-start=\"1423\" data-end=\"1619\"><strong data-start=\"1423\" data-end=\"1439\">Mode of use:<\/strong><br data-start=\"1439\" data-end=\"1442\" \/>Enciende ambas mechas y deja que la cera se derrita completamente en el primer uso. Col\u00f3cala sobre una superficie resistente al calor y nunca la dejes encendida sin supervisi\u00f3n.<\/p>\n<p data-start=\"1621\" data-end=\"1656\"><strong data-start=\"1621\" data-end=\"1654\">Product features:<\/strong><\/p>\n<ul data-start=\"1657\" data-end=\"1904\">\n<li data-start=\"1657\" data-end=\"1686\">\n<p data-start=\"1659\" data-end=\"1686\">Aroma: <em data-start=\"1666\" data-end=\"1684\">Pause \u2013 Cashmere<\/em><\/p>\n<\/li>\n<li data-start=\"1687\" data-end=\"1726\">\n<p data-start=\"1689\" data-end=\"1726\">Vegetable waxes 100% (kerosene free)<\/p>\n<\/li>\n<li data-start=\"1727\" data-end=\"1760\">\n<p data-start=\"1729\" data-end=\"1760\">Aromatic essential oils<\/p>\n<\/li>\n<li data-start=\"1761\" data-end=\"1796\">\n<p data-start=\"1763\" data-end=\"1796\">Double wick for better diffusion<\/p>\n<\/li>\n<li data-start=\"1797\" data-end=\"1847\">\n<p data-start=\"1799\" data-end=\"1847\">Amber glass tumbler with black screw cap<\/p>\n<\/li>\n<li data-start=\"1848\" data-end=\"1867\">\n<p data-start=\"1850\" data-end=\"1867\">Made in Spain<\/p>\n<\/li>\n<li data-start=\"1868\" data-end=\"1904\">\n<p data-start=\"1870\" data-end=\"1904\">Estimated duration: more than 50 hours<\/p>\n<\/li>\n<\/ul>\n<p data-start=\"1906\" data-end=\"2120\"><strong data-start=\"1906\" data-end=\"1915\">Pause<\/strong> es una invitaci\u00f3n al descanso y al equilibrio. Un momento solo para ti, acompa\u00f1ado de un aroma delicado que calma, inspira y transforma el ambiente. Con <em data-start=\"2069\" data-end=\"2085\">The Olphactory<\/em>, cada instante se vuelve esencial.<\/p>","protected":false},"excerpt":{"rendered":"<p data-start=\"315\" data-end=\"481\">Cashmere es una fragancia floral y fresca que invita a la tranquilidad. Vela de 360 g con cera 100% vegetal, doble mecha y vaso \u00e1mbar con tapa rosca. Hecha en Espa\u00f1a.<\/p>","protected":false},"featured_media":20886,"template":"","meta":{"_acf_changed":false},"product_brand":[],"product_cat":[164,211,235,291],"product_tag":[289,215,227,288,169,438,177],"class_list":{"0":"post-22933","1":"product","2":"type-product","3":"status-publish","4":"has-post-thumbnail","6":"product_cat-the-olphactory","7":"product_cat-tienda","8":"product_cat-vela-aromatica-2","9":"product_cat-velas-aromaticas-the-olphactory-the-olphactory","10":"product_tag-cashmere","11":"product_tag-floral","12":"product_tag-fresco","13":"product_tag-theolphactory","14":"product_tag-vela-aromatica","15":"product_tag-vela-tarro-the-olphactory","16":"product_tag-velas-aromaticas","18":"first","19":"instock","20":"taxable","21":"shipping-taxable","22":"purchasable","23":"product-type-simple","swatches":"rey-swatches","show_selected":""},"acf":[],"_links":{"self":[{"href":"https:\/\/ambientairshop.com.mx\/en\/wp-json\/wp\/v2\/product\/22933","targetHints":{"allow":["GET"]}}],"collection":[{"href":"https:\/\/ambientairshop.com.mx\/en\/wp-json\/wp\/v2\/product"}],"about":[{"href":"https:\/\/ambientairshop.com.mx\/en\/wp-json\/wp\/v2\/types\/product"}],"version-history":[{"count":4,"href":"https:\/\/ambientairshop.com.mx\/en\/wp-json\/wp\/v2\/product\/22933\/revisions"}],"predecessor-version":[{"id":23542,"href":"https:\/\/ambientairshop.com.mx\/en\/wp-json\/wp\/v2\/product\/22933\/revisions\/23542"}],"wp:featuredmedia":[{"embeddable":true,"href":"https:\/\/ambientairshop.com.mx\/en\/wp-json\/wp\/v2\/media\/20886"}],"wp:attachment":[{"href":"https:\/\/ambientairshop.com.mx\/en\/wp-json\/wp\/v2\/media?parent=22933"}],"wp:term":[{"taxonomy":"product_brand","embeddable":true,"href":"https:\/\/ambientairshop.com.mx\/en\/wp-json\/wp\/v2\/product_brand?post=22933"},{"taxonomy":"product_cat","embeddable":true,"href":"https:\/\/ambientairshop.com.mx\/en\/wp-json\/wp\/v2\/product_cat?post=22933"},{"taxonomy":"product_tag","embeddable":true,"href":"https:\/\/ambientairshop.com.mx\/en\/wp-json\/wp\/v2\/product_tag?post=22933"}],"curies":[{"name":"wp","href":"https:\/\/api.w.org\/{rel}","templated":true}]}}