{"id":17936,"date":"2022-12-19T14:39:31","date_gmt":"2022-12-19T14:39:31","guid":{"rendered":"https:\/\/ambientairshop.com.mx\/?post_type=product&#038;p=17936"},"modified":"2026-02-04T17:26:14","modified_gmt":"2026-02-04T23:26:14","slug":"vela-aromatica-the-olphactory-135-g-360-g-white-musk-%c2%b7-relax__trashed","status":"publish","type":"product","link":"https:\/\/ambientairshop.com.mx\/en\/product\/vela-aromatica-the-olphactory-135-g-360-g-white-musk-%c2%b7-relax__trashed\/","title":{"rendered":"The Olphactory Relax scented candle 360 g : White Musk : paraffin-free vegetable wax"},"content":{"rendered":"<p data-start=\"538\" data-end=\"1011\">Respira hondo, suelta el d\u00eda y sum\u00e9rgete en la calma con <em data-start=\"595\" data-end=\"615\">Relax \u2013 White Musk<\/em>, una fragancia floral que transforma cualquier rinc\u00f3n en un refugio de serenidad. Su frescura inicial, marcada por el lim\u00f3n, la bergamota y la naranja dulce, da paso a un coraz\u00f3n de iris, rosa, flores blancas y musgo, creando un paisaje olfativo suave y armonioso. El fondo de vainilla y almizcle blanco envuelve el ambiente en una caricia aterciopelada, como una nube delicada de paz y confort.<\/p>\n<p data-start=\"1013\" data-end=\"1408\">The candle of <strong data-start=\"1024\" data-end=\"1033\">360 g<\/strong> from <em data-start=\"1037\" data-end=\"1053\">The Olphactory<\/em> est\u00e1 fabricada en Espa\u00f1a con una <strong data-start=\"1087\" data-end=\"1134\">100% vegetable wax blend, kerosene free<\/strong>enriched with high quality essential oils. Its <strong data-start=\"1191\" data-end=\"1206\">double wick<\/strong> permite una combusti\u00f3n equilibrada y una mejor difusi\u00f3n del aroma. El <strong data-start=\"1277\" data-end=\"1301\">amber glass tumbler<\/strong> with <strong data-start=\"1306\" data-end=\"1338\">tapa pl\u00e1stica negra de rosca<\/strong> mantiene el aroma protegido y aporta un toque decorativo sofisticado.<\/p>\n<p data-start=\"1410\" data-end=\"1626\"><strong data-start=\"1410\" data-end=\"1426\">Mode of use:<\/strong><br data-start=\"1426\" data-end=\"1429\" \/>Enciende ambas mechas y permite que la superficie de la cera se derrita completamente en el primer uso. Coloca la vela sobre una base resistente al calor y nunca la dejes encendida sin supervisi\u00f3n.<\/p>\n<p data-start=\"1628\" data-end=\"1663\"><strong data-start=\"1628\" data-end=\"1661\">Product features:<\/strong><\/p>\n<ul data-start=\"1664\" data-end=\"1917\">\n<li data-start=\"1664\" data-end=\"1695\">\n<p data-start=\"1666\" data-end=\"1695\">Aroma: <em data-start=\"1673\" data-end=\"1693\">Relax \u2013 White Musk<\/em><\/p>\n<\/li>\n<li data-start=\"1696\" data-end=\"1735\">\n<p data-start=\"1698\" data-end=\"1735\">Vegetable waxes 100% (kerosene free)<\/p>\n<\/li>\n<li data-start=\"1736\" data-end=\"1769\">\n<p data-start=\"1738\" data-end=\"1769\">Aromatic essential oils<\/p>\n<\/li>\n<li data-start=\"1770\" data-end=\"1807\">\n<p data-start=\"1772\" data-end=\"1807\">Doble mecha para quemado uniforme<\/p>\n<\/li>\n<li data-start=\"1808\" data-end=\"1858\">\n<p data-start=\"1810\" data-end=\"1858\">Amber glass tumbler with black screw cap<\/p>\n<\/li>\n<li data-start=\"1859\" data-end=\"1878\">\n<p data-start=\"1861\" data-end=\"1878\">Made in Spain<\/p>\n<\/li>\n<li data-start=\"1879\" data-end=\"1917\">\n<p data-start=\"1881\" data-end=\"1917\">Duraci\u00f3n aproximada: m\u00e1s de 50 horas<\/p>\n<\/li>\n<\/ul>\n<p data-start=\"1919\" data-end=\"2071\"><strong data-start=\"1919\" data-end=\"1928\">Relax<\/strong> es m\u00e1s que un aroma: es un momento de silencio, de equilibrio, de bienestar. Deja que <em data-start=\"2015\" data-end=\"2031\">The Olphactory<\/em> acompa\u00f1e tus pausas m\u00e1s reconfortantes.<\/p>","protected":false},"excerpt":{"rendered":"<p data-start=\"348\" data-end=\"500\">Rel\u00e1jate con White Musk, una fragancia floral envolvente. Vela de 360 g con cera 100% vegetal, doble mecha y vaso \u00e1mbar con tapa rosca. Hecha en Espa\u00f1a.<\/p>","protected":false},"featured_media":20834,"template":"","meta":{"_acf_changed":false},"product_brand":[],"product_cat":[164,211,235,291],"product_tag":[215,288,169,438,177,182],"class_list":{"0":"post-17936","1":"product","2":"type-product","3":"status-publish","4":"has-post-thumbnail","6":"product_cat-the-olphactory","7":"product_cat-tienda","8":"product_cat-vela-aromatica-2","9":"product_cat-velas-aromaticas-the-olphactory-the-olphactory","10":"product_tag-floral","11":"product_tag-theolphactory","12":"product_tag-vela-aromatica","13":"product_tag-vela-tarro-the-olphactory","14":"product_tag-velas-aromaticas","15":"product_tag-white-musk","17":"first","18":"instock","19":"sale","20":"taxable","21":"shipping-taxable","22":"purchasable","23":"product-type-simple","swatches":"rey-swatches","show_selected":""},"acf":[],"_links":{"self":[{"href":"https:\/\/ambientairshop.com.mx\/en\/wp-json\/wp\/v2\/product\/17936","targetHints":{"allow":["GET"]}}],"collection":[{"href":"https:\/\/ambientairshop.com.mx\/en\/wp-json\/wp\/v2\/product"}],"about":[{"href":"https:\/\/ambientairshop.com.mx\/en\/wp-json\/wp\/v2\/types\/product"}],"version-history":[{"count":3,"href":"https:\/\/ambientairshop.com.mx\/en\/wp-json\/wp\/v2\/product\/17936\/revisions"}],"predecessor-version":[{"id":23538,"href":"https:\/\/ambientairshop.com.mx\/en\/wp-json\/wp\/v2\/product\/17936\/revisions\/23538"}],"wp:featuredmedia":[{"embeddable":true,"href":"https:\/\/ambientairshop.com.mx\/en\/wp-json\/wp\/v2\/media\/20834"}],"wp:attachment":[{"href":"https:\/\/ambientairshop.com.mx\/en\/wp-json\/wp\/v2\/media?parent=17936"}],"wp:term":[{"taxonomy":"product_brand","embeddable":true,"href":"https:\/\/ambientairshop.com.mx\/en\/wp-json\/wp\/v2\/product_brand?post=17936"},{"taxonomy":"product_cat","embeddable":true,"href":"https:\/\/ambientairshop.com.mx\/en\/wp-json\/wp\/v2\/product_cat?post=17936"},{"taxonomy":"product_tag","embeddable":true,"href":"https:\/\/ambientairshop.com.mx\/en\/wp-json\/wp\/v2\/product_tag?post=17936"}],"curies":[{"name":"wp","href":"https:\/\/api.w.org\/{rel}","templated":true}]}}