{"id":17342,"date":"2022-12-19T13:35:22","date_gmt":"2022-12-19T13:35:22","guid":{"rendered":"https:\/\/ambientairshop.com.mx\/?post_type=product&#038;p=17342"},"modified":"2026-03-10T17:52:55","modified_gmt":"2026-03-10T23:52:55","slug":"spray-para-hogar-500-ml-the-olphactory-oxygen-%c2%b7-breathe","status":"publish","type":"product","link":"https:\/\/ambientairshop.com.mx\/en\/product\/spray-para-hogar-500-ml-the-olphactory-oxygen-%c2%b7-breathe\/","title":{"rendered":"Room Spray 500 ml Oxygen [ breathe ] | Aroma Fresco con Nota Marina y Bergamota \u2013 The Olphactory"},"content":{"rendered":"<p data-start=\"480\" data-end=\"928\">Este aroma te transportar\u00e1 a la brisa fresca del mar, con notas marinas y bergamota que te har\u00e1n sentir revitalizado y renovado. Su combinaci\u00f3n equilibrada de an\u00eds, especias, nota oz\u00f3nica y muguete crea una experiencia olfativa que invita a la tranquilidad y a la respiraci\u00f3n profunda. Finalmente, el fondo c\u00e1lido y reconfortante de musgo, cedro, s\u00e1ndalo y vetiver envuelve el ambiente en un abrazo elegante y duradero.<\/p>\n<p data-start=\"930\" data-end=\"1093\">[Breathe]\u00a0 Oxygen es ideal para renovar cualquier espacio, evocando <strong>frescura y serenidad<\/strong>, perfecto para momentos en los que buscas claridad y calma en tu d\u00eda a d\u00eda.<\/p>\n","protected":false},"excerpt":{"rendered":"<h2>OXYGEN [breathe]<\/h2>\n<p><strong>Familia olfativa:<\/strong>\u00a0fresco \u2013 arom\u00e1tico<\/p>\n<ul>\n<li>Nota marina, bergamota.<\/li>\n<li>An\u00eds, especias, nota az\u00f3nica, muguete.<\/li>\n<li>Musgo, cedro, s\u00e1ndalo, vetiver.<\/li>\n<\/ul>\n<p>La suave\u00a0<strong>brisa marina<\/strong>\u00a0acaricia cada parte del cuerpo. La composici\u00f3n de sus notas de salida en las que destacan las notas acu\u00e1ticas junto a aromas\u00a0<strong>intensos<\/strong>\u00a0como la bergamota nos recuerda la importancia de tomar un\u00a0<strong>respiro<\/strong>\u00a0donde el cuerpo y la mente se detienen por un instante.\u00a0<strong>Pura<\/strong>,\u00a0<strong>suave<\/strong>\u00a0y\u00a0<strong>fresca<\/strong>.<\/p>\n","protected":false},"featured_media":23352,"template":"","meta":{"_acf_changed":false},"product_brand":[],"product_cat":[245,325,164,211],"product_tag":[225,227,216,217,136,287,326,327,248,288],"class_list":{"0":"post-17342","1":"product","2":"type-product","3":"status-publish","4":"has-post-thumbnail","6":"product_cat-spray-para-hogar","7":"product_cat-spray-para-hogar-the-olphactory","8":"product_cat-the-olphactory","9":"product_cat-tienda","10":"product_tag-aromatico","11":"product_tag-fresco","12":"product_tag-hogar-el-mejor-ambientador-para-casa","13":"product_tag-home-perfume","14":"product_tag-oxigeno","15":"product_tag-oxygen","16":"product_tag-perfume-de-hogar","17":"product_tag-spray-ambientadores-para-banos","18":"product_tag-spray-ambientador","19":"product_tag-theolphactory","21":"first","22":"instock","23":"taxable","24":"shipping-taxable","25":"purchasable","26":"product-type-simple","swatches":"rey-swatches","show_selected":""},"acf":[],"_links":{"self":[{"href":"https:\/\/ambientairshop.com.mx\/en\/wp-json\/wp\/v2\/product\/17342","targetHints":{"allow":["GET"]}}],"collection":[{"href":"https:\/\/ambientairshop.com.mx\/en\/wp-json\/wp\/v2\/product"}],"about":[{"href":"https:\/\/ambientairshop.com.mx\/en\/wp-json\/wp\/v2\/types\/product"}],"version-history":[{"count":4,"href":"https:\/\/ambientairshop.com.mx\/en\/wp-json\/wp\/v2\/product\/17342\/revisions"}],"predecessor-version":[{"id":23316,"href":"https:\/\/ambientairshop.com.mx\/en\/wp-json\/wp\/v2\/product\/17342\/revisions\/23316"}],"wp:featuredmedia":[{"embeddable":true,"href":"https:\/\/ambientairshop.com.mx\/en\/wp-json\/wp\/v2\/media\/23352"}],"wp:attachment":[{"href":"https:\/\/ambientairshop.com.mx\/en\/wp-json\/wp\/v2\/media?parent=17342"}],"wp:term":[{"taxonomy":"product_brand","embeddable":true,"href":"https:\/\/ambientairshop.com.mx\/en\/wp-json\/wp\/v2\/product_brand?post=17342"},{"taxonomy":"product_cat","embeddable":true,"href":"https:\/\/ambientairshop.com.mx\/en\/wp-json\/wp\/v2\/product_cat?post=17342"},{"taxonomy":"product_tag","embeddable":true,"href":"https:\/\/ambientairshop.com.mx\/en\/wp-json\/wp\/v2\/product_tag?post=17342"}],"curies":[{"name":"wp","href":"https:\/\/api.w.org\/{rel}","templated":true}]}}