{"id":9910,"date":"2017-05-04T13:01:00","date_gmt":"2017-05-04T11:01:00","guid":{"rendered":"https:\/\/ambientair.es\/?page_id=9910"},"modified":"2025-08-04T02:48:25","modified_gmt":"2025-08-04T08:48:25","slug":"politica-de-calidad","status":"publish","type":"page","link":"https:\/\/ambientairshop.com.mx\/en\/politica-de-calidad\/","title":{"rendered":"Quality Policy"},"content":{"rendered":"<p>&nbsp;<\/p>\n<p style=\"text-align: justify;\"><em>DISTRIBUCION EUROPEA AA S DE R.L.DE CV, <\/em>a leading international company in the decoration and furnishing products sector, focuses on the Quality System as a way to organize its business life, basing it both on its orientation towards customers and towards its goods and services, and based on the <strong>continuous improvement<\/strong> of Management Effectiveness, Service Delivery and Stakeholder Satisfaction.<\/p>\n<p style=\"text-align: justify;\">Therefore, the Directive states that the Management System is based on objectives and in itself a strategic and priority Objective for the company, based on:<\/p>\n<ul style=\"text-align: justify;\">\n<li style=\"text-align: justify;\"><span style=\"font-size: 12pt;\">Quality is a main aspect in the desire to maintain a competitive position within the sector of decoration and decoration products; and that is achieved by planning, executing, reviewing and improving the Management System, to prevent possible errors, and orienting our activity towards the <strong>satisfaction of all our stakeholders <\/strong>through personalization and direct contact.<\/span><\/li>\n<li style=\"text-align: justify;\"><span style=\"font-size: 12pt;\">It is the responsibility of the entire organization to meet the needs and requirements set by the customers, complying with the <strong>legal and regulatory requirements <\/strong>related to the service.<\/span><\/li>\n<li style=\"text-align: justify;\"><span style=\"font-size: 12pt;\">The success of our organization requires the participation and collaboration of the following people <strong>all<\/strong>The following is therefore considered essential <strong>motivation, training and communication<\/strong> in the company.<\/span><\/li>\n<li style=\"text-align: justify;\"><span style=\"font-size: 12pt;\">The<strong> risk assessment<\/strong> associated with our activity is a central task of our quality management system and it is the objective of the organization to carry out a correct assessment of them, developing action plans to combat them, all of which contributes to our <strong>commitment to and support of the strategic direction.<\/strong><\/span><\/li>\n<li style=\"text-align: justify;\"><span style=\"font-size: 12pt;\">All interested parties will be provided with all relevant information. We will also promote the <strong>awareness<\/strong> of our employees, as well as the <strong>communication<\/strong> with all interested parties so that they are involved in our policy and in our quality obligations.<\/span><\/li>\n<li style=\"text-align: justify;\"><span style=\"font-size: 12pt;\">Quality leads us to pay the utmost attention to the technological evolution of the sector.<\/span><\/li>\n<li style=\"text-align: justify;\"><span style=\"font-size: 12pt;\">The purpose of this Policy is to consolidate this reality<strong> continuously improving<\/strong> the result of the work, service and attention to the requirements of our stakeholders.<\/span><\/li>\n<\/ul>\n<p>The Quality Policy is communicated to all persons working for or on behalf of the organization and is available to the public and our stakeholders.<\/p>\n<p style=\"text-align: center;\">Andres Ortega on December 01, 2016<\/p>\n<p>&nbsp;<\/p>","protected":false},"excerpt":{"rendered":"<p>&nbsp; DISTRIBUCION EUROPEA AA S DE R.L.DE CV, empresa destacada dentro del sector de productos de ambientaci\u00f3n y decoraci\u00f3n de manera internacional, enfoca el Sistema de Calidad como una manera para organizar su vida empresarial, fundament\u00e1ndolo tanto en su orientaci\u00f3n hacia los clientes como hacia sus bienes y servicios, y basado en la mejora continua [&hellip;]<\/p>\n","protected":false},"author":1,"featured_media":0,"parent":0,"menu_order":0,"comment_status":"closed","ping_status":"closed","template":"","meta":{"_acf_changed":false,"footnotes":""},"class_list":["post-9910","page","type-page","status-publish","hentry"],"acf":[],"_links":{"self":[{"href":"https:\/\/ambientairshop.com.mx\/en\/wp-json\/wp\/v2\/pages\/9910","targetHints":{"allow":["GET"]}}],"collection":[{"href":"https:\/\/ambientairshop.com.mx\/en\/wp-json\/wp\/v2\/pages"}],"about":[{"href":"https:\/\/ambientairshop.com.mx\/en\/wp-json\/wp\/v2\/types\/page"}],"author":[{"embeddable":true,"href":"https:\/\/ambientairshop.com.mx\/en\/wp-json\/wp\/v2\/users\/1"}],"replies":[{"embeddable":true,"href":"https:\/\/ambientairshop.com.mx\/en\/wp-json\/wp\/v2\/comments?post=9910"}],"version-history":[{"count":2,"href":"https:\/\/ambientairshop.com.mx\/en\/wp-json\/wp\/v2\/pages\/9910\/revisions"}],"predecessor-version":[{"id":23926,"href":"https:\/\/ambientairshop.com.mx\/en\/wp-json\/wp\/v2\/pages\/9910\/revisions\/23926"}],"wp:attachment":[{"href":"https:\/\/ambientairshop.com.mx\/en\/wp-json\/wp\/v2\/media?parent=9910"}],"curies":[{"name":"wp","href":"https:\/\/api.w.org\/{rel}","templated":true}]}}