{"id":19891,"date":"2024-05-15T15:13:44","date_gmt":"2024-05-15T15:13:44","guid":{"rendered":"https:\/\/ambientairshop.com.mx\/?page_id=19891"},"modified":"2025-08-04T02:48:09","modified_gmt":"2025-08-04T08:48:09","slug":"politica-ambiental","status":"publish","type":"page","link":"https:\/\/ambientairshop.com.mx\/en\/politica-ambiental\/","title":{"rendered":"Environmental policy"},"content":{"rendered":"<div class=\"elementor-element elementor-element-d2bdb49 elementor-widget elementor-widget-heading\" data-id=\"d2bdb49\" data-element_type=\"widget\" data-widget_type=\"heading.default\">\n<div class=\"elementor-widget-container\">\n<h1 class=\"elementor-heading-title elementor-size-default\">Environmental Policy<\/h1>\n<\/div>\n<\/div>\n<div class=\"elementor-element elementor-element-b3919cc elementor-widget elementor-widget-text-editor\" data-id=\"b3919cc\" data-element_type=\"widget\" data-widget_type=\"text-editor.default\">\n<div class=\"elementor-widget-container\">\n<p>DISTRIBUCION EUROPEA AA S DE R.L. DE CV<strong><em>.<\/em><\/strong>a leading international company in the decoration and furnishing products sector, has placed emphasis on optimizing processes to make them more sustainable and environmentally friendly.<br \/>\nOur vision is to adapt all our manufacturing processes within the framework of the European Directives of respect for the environment. We promote innovation in biodegradable materials and also try to minimize the consumption of material and energy resources in production.<br \/>\nManagement declares its Environmental Policy based on the following principles:<\/p>\n<ul>\n<li>Prevent, reduce and eliminate whenever possible the environmental impact that may result from its activities by identifying and controlling the environmental aspects associated with all activities inherent to the company's processes.<\/li>\n<li>Comply with the provisions that affect it in environmental matters and other requirements to which the company subscribes, maintaining a relationship of dialogue and collaboration with the competent environmental agencies in its social environment.<\/li>\n<li>To inform, train and raise awareness among all company personnel so that the guidelines set forth in the Environmental Policy and current environmental regulations are observed in the performance of their duties.<\/li>\n<li>Initiate an increasing level of efficiency in the use of natural and energy resources.<\/li>\n<li>Encourage recycling, recovery and reuse of materials and the reduction of waste generation.<\/li>\n<li>Establish environmental objectives and goals on an annual basis and evaluate the degree of progress.<\/li>\n<li>To publicize and disseminate the Environmental Policy for the knowledge and respect of the same.<\/li>\n<\/ul>\n<p>In DISTRIBUCION EUROPEA AA S DE R.L.DE CV, we are committed to orient our activities towards the respect, care and protection of the environment, avoiding pollution through the sustainable and rational use of resources, complying with current environmental legislation through the implementation, operation and continuous improvement of the Environmental Management System.<\/p>\n<\/div>\n<\/div>","protected":false},"excerpt":{"rendered":"<p>Pol\u00edtica Ambiental DISTRIBUCION EUROPEA AA S DE R.L.DE CV., empresa destacada dentro del sector de productos de ambientaci\u00f3n y decoraci\u00f3n de manera internacional, ha puesto \u00e9nfasis en optimizar los procesos para hacerlos m\u00e1s sostenibles y respetuosos con el medio ambiente. Nuestra visi\u00f3n es adaptar todos sus procesos de fabricaci\u00f3n en el marco de las Directivas [&hellip;]<\/p>\n","protected":false},"author":1,"featured_media":0,"parent":0,"menu_order":0,"comment_status":"closed","ping_status":"closed","template":"","meta":{"_acf_changed":false,"footnotes":""},"class_list":["post-19891","page","type-page","status-publish","hentry"],"acf":[],"_links":{"self":[{"href":"https:\/\/ambientairshop.com.mx\/en\/wp-json\/wp\/v2\/pages\/19891","targetHints":{"allow":["GET"]}}],"collection":[{"href":"https:\/\/ambientairshop.com.mx\/en\/wp-json\/wp\/v2\/pages"}],"about":[{"href":"https:\/\/ambientairshop.com.mx\/en\/wp-json\/wp\/v2\/types\/page"}],"author":[{"embeddable":true,"href":"https:\/\/ambientairshop.com.mx\/en\/wp-json\/wp\/v2\/users\/1"}],"replies":[{"embeddable":true,"href":"https:\/\/ambientairshop.com.mx\/en\/wp-json\/wp\/v2\/comments?post=19891"}],"version-history":[{"count":2,"href":"https:\/\/ambientairshop.com.mx\/en\/wp-json\/wp\/v2\/pages\/19891\/revisions"}],"predecessor-version":[{"id":23924,"href":"https:\/\/ambientairshop.com.mx\/en\/wp-json\/wp\/v2\/pages\/19891\/revisions\/23924"}],"wp:attachment":[{"href":"https:\/\/ambientairshop.com.mx\/en\/wp-json\/wp\/v2\/media?parent=19891"}],"curies":[{"name":"wp","href":"https:\/\/api.w.org\/{rel}","templated":true}]}}