{"id":12385,"date":"2018-09-07T09:56:42","date_gmt":"2018-09-07T07:56:42","guid":{"rendered":"https:\/\/ambientair.es\/?page_id=12385"},"modified":"2018-09-07T09:56:42","modified_gmt":"2018-09-07T07:56:42","slug":"derechos-del-usuario","status":"publish","type":"page","link":"https:\/\/ambientairshop.com.mx\/en\/derechos-del-usuario\/","title":{"rendered":"User's rights"},"content":{"rendered":"<p>\t\t\t\tFor more information, please read the Official State Gazette on data protection and specifically Chapter III on the rights of the data subject. <a href=\"https:\/\/www.boe.es\/doue\/2016\/119\/L00001-00088.pdf\">by clicking here<\/a>.<\/p>\n<h3>Section 1 - Transparency and modalities<\/h3>\n<p>Article 11 introduces the obligation for data controllers to provide transparent, easily accessible and understandable information, inspired especially by the Madrid Resolution on international standards on personal data protection and privacy32.<\/p>\n<p>Article 12 obliges the controller to provide procedures and mechanisms for the exercise of data subjects' rights, including the means for submitting electronic requests, with the obligation to respond to the data subject's request within a specified period, and to give reasons for refusals.<\/p>\n<p>Article 13 establishes rights in favor of recipients, based on Article 12(c) of Directive 95\/46\/EC, and extended to all recipients, including joint controllers and co-processors.<\/p>\n<h3>Section 2-Information and access to data<\/h3>\n<p>Article 14 elaborates on the information obligations of the controller in relation to the data subject, based on Articles 10 and 11 of Directive 95\/46\/EC, and provides for the provision of additional information to the data subject, including on the data retention period, the right to lodge a complaint, in relation to international transfers and the source from which the data originate. It also maintains the possible derogations from Directive 95\/46\/EC, i.e. there will be no such obligation if the recording or communication is expressly provided for by law. This could apply, for example, to procedures handled by competition authorities, tax or customs administrations or social security services.<\/p>\n<p>Based on Article 12(a) of Directive 95\/46\/EC, Article 15 provides for the data subject's right of access to his or her personal data and adds new elements, such as the obligation to inform data subjects about the retention period, the rights of rectification and erasure, and the right to lodge a complaint.<\/p>\n<h3>Section 3 - Rectification and deletion<\/h3>\n<p>Based on Article 12(b) of Directive 95\/46\/EC, Article 16 establishes the data subject's right to rectification.<\/p>\n<p>Article 17 establishes the data subject's right to be forgotten and the right to erasure. It further elaborates and specifies the right to erasure provided for in Article 12(b) of Directive 95\/46\/EC and sets out the conditions for the right to be forgotten, including the obligation of the controller who has disseminated the personal data to inform third parties of the data subject's request to erase all links to, copies or replicas of personal data. It also integrates the right to have processing restricted in certain cases, avoiding the ambiguity of the term \"blocking\".<\/p>\n<p>Article 18 introduces the right of the data subject to data portability, i.e. to transfer data from one electronic processing system to another, without being prevented from doing so by the controller. As a precondition and in order to further improve the access of individuals to their personal data, it establishes the right to obtain from the controller such data in a structured and commonly used electronic format.<\/p>\n<h3>Section 4 - Right to object and profiling<\/h3>\n<p>Article 19 establishes the data subject's right to object. It is based on Article 14 of Directive 95\/46\/EC, with some modifications, especially as regards the burden of proof and its application to direct marketing.<\/p>\n<p>Article 20 concerns the data subject's right not to be subject to a measure based on profiling. With additional modifications and safeguards, it is based on Article 15(1) of Directive 95\/46\/EC on automated individual decisions, and takes into account the Council of Europe Recommendation on profiling.<\/p>\n<h3>Section 5 -Treatment limitation rights<\/h3>\n<div>\n<p>This new right consists of obtaining the limitation of the processing of your data by the data controller, although its exercise has two aspects:<\/p>\n<p>You can request the suspension of the processing of your data:<\/p>\n<ul>\n<li>When you contest the accuracy of your personal data, for a period of time that allows the responsible to verify it<\/li>\n<li>When you have objected to the processing of your personal data by the controller on the basis of legitimate interest or public interest mission, while the controller verifies whether these grounds override yours.<\/li>\n<\/ul>\n<p>Ask the person responsible for the conservation of your data:<\/p>\n<ul>\n<li>When the processing is unlawful and you have objected to the deletion of your data and instead request the restriction of its use.<\/li>\n<li>When the controller no longer needs the personal data for the purposes of the processing, but the data subject needs them for the formulation, exercise or defense of claims.<\/li>\n<\/ul>\n<p><a title=\"\" href=\"https:\/\/www.aepd.es\/media\/formularios\/formulario-derecho-de-limitacion.pdf\" target=\"_blank\" rel=\"noopener noreferrer\"><strong>Download the form here <\/strong>to exercise your right against the person responsible for the processing of personal data.\u00a0 <\/a><\/p>\n<h3>Section 6 - Data portability rights<\/h3>\n<\/div>\n<div>\n<p>The purpose of this new right is to further strengthen the control of your personal data, so that when the processing is carried out by automated means, you receive your personal data in a structured, commonly used, machine-readable and interoperable format, and you can transmit it to another data controller, provided that the processing is legitimate on the basis of consent or in the context of the performance of a contract.<\/p>\n<p>However, this right, by its very nature, cannot be applied when the processing is necessary for the performance of a task carried out in the public interest or in the exercise of public authority vested in the controller.<\/p>\n<p><a title=\"\" href=\"https:\/\/www.aepd.es\/media\/formularios\/formulario-derecho-de-portabilidad.pdf\" target=\"_blank\" rel=\"noopener noreferrer\"><strong>Download the form here <\/strong>to exercise your right against the person responsible for the processing of personal data.\u00a0 <\/a><\/p>\n<h3>Section 7 - Restrictions<\/h3>\n<\/div>\n<p>This provision is based on Article 13 of Directive 95\/46\/EC and the obligations arising from the Charter of Fundamental Rights and the European Convention for the Protection of Human Rights and Fundamental Freedoms, as interpreted by the Court of Justice of the European Union and the European Court of Human Rights.\t\t<\/p>","protected":false},"excerpt":{"rendered":"<p>Para m\u00e1s informaci\u00f3n leer el Bolet\u00edn Oficial del Estado en materia de protecci\u00f3n de datos y en concreto el cap\u00edtulo III sobre los derechos del interesado pulsando aqu\u00ed. Secci\u00f3n 1 \u2013 Transparencia y modalidades El art\u00edculo 11 introduce la obligaci\u00f3n para los responsables del tratamiento de ofrecer informaci\u00f3n transparente y de f\u00e1cil acceso y comprensi\u00f3n, [&hellip;]<\/p>\n","protected":false},"author":1,"featured_media":0,"parent":0,"menu_order":0,"comment_status":"closed","ping_status":"closed","template":"","meta":{"_acf_changed":false,"footnotes":""},"class_list":["post-12385","page","type-page","status-publish","hentry"],"acf":[],"_links":{"self":[{"href":"https:\/\/ambientairshop.com.mx\/en\/wp-json\/wp\/v2\/pages\/12385","targetHints":{"allow":["GET"]}}],"collection":[{"href":"https:\/\/ambientairshop.com.mx\/en\/wp-json\/wp\/v2\/pages"}],"about":[{"href":"https:\/\/ambientairshop.com.mx\/en\/wp-json\/wp\/v2\/types\/page"}],"author":[{"embeddable":true,"href":"https:\/\/ambientairshop.com.mx\/en\/wp-json\/wp\/v2\/users\/1"}],"replies":[{"embeddable":true,"href":"https:\/\/ambientairshop.com.mx\/en\/wp-json\/wp\/v2\/comments?post=12385"}],"version-history":[{"count":0,"href":"https:\/\/ambientairshop.com.mx\/en\/wp-json\/wp\/v2\/pages\/12385\/revisions"}],"wp:attachment":[{"href":"https:\/\/ambientairshop.com.mx\/en\/wp-json\/wp\/v2\/media?parent=12385"}],"curies":[{"name":"wp","href":"https:\/\/api.w.org\/{rel}","templated":true}]}}